{"id":66,"date":"2016-06-14T08:50:02","date_gmt":"2016-06-14T06:50:02","guid":{"rendered":"https:\/\/krolczasu.pl\/blog\/?page_id=66"},"modified":"2021-04-09T22:19:40","modified_gmt":"2021-04-09T20:19:40","slug":"kontakt","status":"publish","type":"page","link":"https:\/\/krolczasu.pl\/blog\/kontakt\/","title":{"rendered":"Kontakt"},"content":{"rendered":"<div class=\"wpforms-container wpforms-container-full\" id=\"wpforms-960\"><form id=\"wpforms-form-960\" class=\"wpforms-validate wpforms-form\" data-formid=\"960\" method=\"post\" enctype=\"multipart\/form-data\" action=\"\/blog\/wp-json\/wp\/v2\/pages\/66\" data-token=\"b3c0b242e09115aed5e9f19c92a06ccc\"><noscript class=\"wpforms-error-noscript\">Please enable JavaScript in your browser to complete this form.<\/noscript><div class=\"wpforms-field-container\"><div id=\"wpforms-960-field_0-container\" class=\"wpforms-field wpforms-field-name\" data-field-id=\"0\"><label class=\"wpforms-field-label\" for=\"wpforms-960-field_0\">Imi\u0119 i Nazwisko <span class=\"wpforms-required-label\">*<\/span><\/label><input type=\"text\" id=\"wpforms-960-field_0\" class=\"wpforms-field-medium wpforms-field-required\" name=\"wpforms[fields][0]\" required><\/div><div id=\"wpforms-960-field_1-container\" class=\"wpforms-field wpforms-field-email\" data-field-id=\"1\"><label class=\"wpforms-field-label\" for=\"wpforms-960-field_1\">Adres email na kt\u00f3ry mam odpisa\u0107 <span class=\"wpforms-required-label\">*<\/span><\/label><input type=\"email\" id=\"wpforms-960-field_1\" class=\"wpforms-field-medium wpforms-field-required\" name=\"wpforms[fields][1]\" required><\/div><div id=\"wpforms-960-field_2-container\" class=\"wpforms-field wpforms-field-textarea\" data-field-id=\"2\"><label class=\"wpforms-field-label\" for=\"wpforms-960-field_2\">Tre\u015b\u0107 wiadomo\u015bci <span class=\"wpforms-required-label\">*<\/span><\/label><textarea id=\"wpforms-960-field_2\" class=\"wpforms-field-medium wpforms-field-required\" name=\"wpforms[fields][2]\" required><\/textarea><\/div><\/div><div class=\"wpforms-recaptcha-container wpforms-is-recaptcha\" ><div class=\"g-recaptcha\" data-sitekey=\"6LdpF6QaAAAAAAj2I0YVbu66sPaqUsFi684Hlyz_\" data-size=\"invisible\"><\/div><\/div><div class=\"wpforms-submit-container\" ><input type=\"hidden\" name=\"wpforms[id]\" value=\"960\"><input type=\"hidden\" name=\"wpforms[author]\" value=\"1\"><button type=\"submit\" name=\"wpforms[submit]\" class=\"wpforms-submit \" id=\"wpforms-submit-960\" value=\"wpforms-submit\" aria-live=\"assertive\" data-alt-text=\"Wysy\u0142anie...\" data-submit-text=\"Wy\u015blij\">Wy\u015blij<\/button><\/div><\/form><\/div>  <!-- .wpforms-container -->","protected":false},"excerpt":{"rendered":"","protected":false},"author":1,"featured_media":0,"parent":0,"menu_order":0,"comment_status":"closed","ping_status":"closed","template":"","meta":{"_monsterinsights_skip_tracking":false,"_monsterinsights_sitenote_active":false,"_monsterinsights_sitenote_note":"","_monsterinsights_sitenote_category":0},"yoast_head":"<!-- This site is optimized with the Yoast SEO plugin v16.0.2 - https:\/\/yoast.com\/wordpress\/plugins\/seo\/ -->\n<title>Kontakt - krolczasu.pl\/blog<\/title>\n<meta name=\"robots\" content=\"index, follow, max-snippet:-1, max-image-preview:large, max-video-preview:-1\" \/>\n<link rel=\"canonical\" href=\"https:\/\/krolczasu.pl\/blog\/kontakt\/\" \/>\n<meta property=\"og:locale\" content=\"pl_PL\" \/>\n<meta property=\"og:type\" content=\"article\" \/>\n<meta property=\"og:title\" content=\"Kontakt - krolczasu.pl\/blog\" \/>\n<meta property=\"og:url\" content=\"https:\/\/krolczasu.pl\/blog\/kontakt\/\" \/>\n<meta property=\"og:site_name\" content=\"Planowanie \u017cycia i zarz\u0105dzanie czasem\" \/>\n<meta property=\"article:modified_time\" content=\"2021-04-09T20:19:40+00:00\" \/>\n<meta name=\"twitter:card\" content=\"summary\" \/>\n<script type=\"application\/ld+json\" class=\"yoast-schema-graph\">{\"@context\":\"https:\/\/schema.org\",\"@graph\":[{\"@type\":\"WebSite\",\"@id\":\"https:\/\/krolczasu.pl\/blog\/#website\",\"url\":\"https:\/\/krolczasu.pl\/blog\/\",\"name\":\"Planowanie \\u017cycia i zarz\\u0105dzanie czasem\",\"description\":\"Metody planowania i organizacji czasu.\",\"potentialAction\":[{\"@type\":\"SearchAction\",\"target\":\"https:\/\/krolczasu.pl\/blog\/?s={search_term_string}\",\"query-input\":\"required name=search_term_string\"}],\"inLanguage\":\"pl-PL\"},{\"@type\":\"WebPage\",\"@id\":\"https:\/\/krolczasu.pl\/blog\/kontakt\/#webpage\",\"url\":\"https:\/\/krolczasu.pl\/blog\/kontakt\/\",\"name\":\"Kontakt - krolczasu.pl\/blog\",\"isPartOf\":{\"@id\":\"https:\/\/krolczasu.pl\/blog\/#website\"},\"datePublished\":\"2016-06-14T06:50:02+00:00\",\"dateModified\":\"2021-04-09T20:19:40+00:00\",\"breadcrumb\":{\"@id\":\"https:\/\/krolczasu.pl\/blog\/kontakt\/#breadcrumb\"},\"inLanguage\":\"pl-PL\",\"potentialAction\":[{\"@type\":\"ReadAction\",\"target\":[\"https:\/\/krolczasu.pl\/blog\/kontakt\/\"]}]},{\"@type\":\"BreadcrumbList\",\"@id\":\"https:\/\/krolczasu.pl\/blog\/kontakt\/#breadcrumb\",\"itemListElement\":[{\"@type\":\"ListItem\",\"position\":1,\"item\":{\"@type\":\"WebPage\",\"@id\":\"https:\/\/krolczasu.pl\/blog\/\",\"url\":\"https:\/\/krolczasu.pl\/blog\/\",\"name\":\"Strona g\\u0142\\u00f3wna\"}},{\"@type\":\"ListItem\",\"position\":2,\"item\":{\"@type\":\"WebPage\",\"@id\":\"https:\/\/krolczasu.pl\/blog\/kontakt\/\",\"url\":\"https:\/\/krolczasu.pl\/blog\/kontakt\/\",\"name\":\"Kontakt\"}}]}]}<\/script>\n<!-- \/ Yoast SEO plugin. -->","_links":{"self":[{"href":"https:\/\/krolczasu.pl\/blog\/wp-json\/wp\/v2\/pages\/66"}],"collection":[{"href":"https:\/\/krolczasu.pl\/blog\/wp-json\/wp\/v2\/pages"}],"about":[{"href":"https:\/\/krolczasu.pl\/blog\/wp-json\/wp\/v2\/types\/page"}],"author":[{"embeddable":true,"href":"https:\/\/krolczasu.pl\/blog\/wp-json\/wp\/v2\/users\/1"}],"replies":[{"embeddable":true,"href":"https:\/\/krolczasu.pl\/blog\/wp-json\/wp\/v2\/comments?post=66"}],"version-history":[{"count":5,"href":"https:\/\/krolczasu.pl\/blog\/wp-json\/wp\/v2\/pages\/66\/revisions"}],"predecessor-version":[{"id":966,"href":"https:\/\/krolczasu.pl\/blog\/wp-json\/wp\/v2\/pages\/66\/revisions\/966"}],"wp:attachment":[{"href":"https:\/\/krolczasu.pl\/blog\/wp-json\/wp\/v2\/media?parent=66"}],"curies":[{"name":"wp","href":"https:\/\/api.w.org\/{rel}","templated":true}]}}