{"id":679,"date":"2018-05-21T17:49:12","date_gmt":"2018-05-21T15:49:12","guid":{"rendered":"https:\/\/krolczasu.pl\/blog\/?page_id=679"},"modified":"2018-05-21T17:49:12","modified_gmt":"2018-05-21T15:49:12","slug":"polityka-prywatnosci","status":"publish","type":"page","link":"https:\/\/krolczasu.pl\/blog\/polityka-prywatnosci\/","title":{"rendered":"Polityka prywatno\u015bci"},"content":{"rendered":"<p>Polityka prywatno\u015bci:<\/p>\n<p>Poni\u017cej przedstawiona jest Polityka Prywatno\u015bci dotycz\u0105ca przetwarzania danych oraz przechowywania cookies.<\/p>\n<p>Administratorem danych osobowych jest w\u0142a\u015bciciel portalu krolczasu.pl. Mo\u017cna si\u0119 z nim skontaktowa\u0107 przez formularz kontaktowy lub przez e-mail: krolczasu@gmail.com<\/p>\n<p>Celem zbierania danych osobowych jest wysy\u0142anie darmowych e-maili oraz ofert handlowych.<\/p>\n<p>W zwi\u0105zku z przetwarzaniem Twoich danych osobowych przys\u0142uguje Ci prawo do:<\/p>\n<p>    &#8211; dost\u0119pu do swoich danych osobowych, ich edytowania, usuni\u0119cia lub ograniczenia przetwarzania,<br \/>\n    &#8211; wycofania zgody wobec przetwarzania,<br \/>\n    &#8211; przenoszenia danych,<br \/>\n    prawo do cofni\u0119cia zgody na przetwarzanie danych osobowych w okre\u015blonym celu, je\u017celi uprzednio wyrazi\u0142e\u015b tak\u0105 zgod\u0119,<br \/>\n    &#8211; skargi do organu nadzorczego w zwi\u0105zku z przetwarzaniem danych osobowych<\/p>\n<p>Prawa do wymienionych powy\u017cej dzia\u0142a\u0144 mo\u017cna realizowa\u0107 zgodnie z RODO poprzez kontakt z Administratorem danych osobowych.<\/p>\n<p>Przekazanie danych osobowych do przetwarzania przez Administratora danych osobowych jest dobrowolne, ale konieczne do otrzymywania wiadomo\u015bci e-mail oraz do kontaktu.<\/p>\n<p>Administrator danych gwarantuje poufno\u015b\u0107 danych. Podj\u0119te s\u0105 \u015brodki bezpiecze\u0144stwa i ochrony danych osobowych wymagane przez przepisy o ochronie danych osobowych. Zbierana dane osobowe nie s\u0105 przekazywane \u017cadnym osobom trzecim ani instytucjom.<\/p>\n<p>Dane osobowe przechowywane s\u0105 na serwerze firmy:<br \/>\nH88 S.A. z siedzib\u0105 w Poznaniu, Franklina Roosevelta 22, 60-829 Pozna\u0144.<\/p>\n<p>Ka\u017cdy dobrowolny kontakt z Administratorem danych osobowych lub z w\u0142a\u015bcicielem strony powoduje przekazanie adresu e-mail.<\/p>\n<p>Pliki cookies (ciasteczka):<\/p>\n<p>Strona internetowa krolczasu.pl korzysta z plik\u00f3w cookie.<\/p>\n<p>Pliki cookie wykorzystywane s\u0105 do analizy ruchu i statystyki ludzi odwiedzaj\u0105cych stron\u0119 krolczasu.pl poprzez narz\u0105dzie Google Analytics oraz pixel Facebook&#8217;a.<\/p>\n<p>Korzystanie z serwisu krolczasu.pl generuje zapytania do serwera na kt\u00f3rym znajduje si\u0119 serwis. Ka\u017cde takie zapytanie zostaje w logach serwera.<\/p>\n<p>Logi serwera obejmuj\u0105 m.in. adres IP, dat\u0119 i godzin\u0119, informacje o przegl\u0105darce internetowej, systemie operacyjnym. <\/p>\n<p>Logi serwera s\u0142u\u017c\u0105 wy\u0142\u0105cznie do zarz\u0105dzania serwerem i weryfikowania poprawno\u015bci jego dzia\u0142ania. Nie s\u0105 nikomu przekazywane.<\/p>\n","protected":false},"excerpt":{"rendered":"<p>Polityka prywatno\u015bci: Poni\u017cej przedstawiona jest Polityka Prywatno\u015bci dotycz\u0105ca przetwarzania danych oraz przechowywania cookies. Administratorem danych osobowych jest w\u0142a\u015bciciel portalu krolczasu.pl. Mo\u017cna si\u0119 z nim skontaktowa\u0107 przez formularz kontaktowy lub przez e-mail: krolczasu@gmail.com Celem zbierania danych osobowych jest wysy\u0142anie darmowych e-maili<\/p>\n","protected":false},"author":1,"featured_media":0,"parent":0,"menu_order":0,"comment_status":"closed","ping_status":"closed","template":"","meta":{"_monsterinsights_skip_tracking":false,"_monsterinsights_sitenote_active":false,"_monsterinsights_sitenote_note":"","_monsterinsights_sitenote_category":0},"yoast_head":"<!-- This site is optimized with the Yoast SEO plugin v16.0.2 - https:\/\/yoast.com\/wordpress\/plugins\/seo\/ -->\n<title>Polityka prywatno\u015bci - krolczasu.pl\/blog<\/title>\n<meta name=\"robots\" content=\"index, follow, max-snippet:-1, max-image-preview:large, max-video-preview:-1\" \/>\n<link rel=\"canonical\" href=\"https:\/\/krolczasu.pl\/blog\/polityka-prywatnosci\/\" \/>\n<meta property=\"og:locale\" content=\"pl_PL\" \/>\n<meta property=\"og:type\" content=\"article\" \/>\n<meta property=\"og:title\" content=\"Polityka prywatno\u015bci - krolczasu.pl\/blog\" \/>\n<meta property=\"og:description\" content=\"Polityka prywatno\u015bci: Poni\u017cej przedstawiona jest Polityka Prywatno\u015bci dotycz\u0105ca przetwarzania danych oraz przechowywania cookies. Administratorem danych osobowych jest w\u0142a\u015bciciel portalu krolczasu.pl. Mo\u017cna si\u0119 z nim skontaktowa\u0107 przez formularz kontaktowy lub przez e-mail: krolczasu@gmail.com Celem zbierania danych osobowych jest wysy\u0142anie darmowych e-maili\" \/>\n<meta property=\"og:url\" content=\"https:\/\/krolczasu.pl\/blog\/polityka-prywatnosci\/\" \/>\n<meta property=\"og:site_name\" content=\"Planowanie \u017cycia i zarz\u0105dzanie czasem\" \/>\n<meta name=\"twitter:card\" content=\"summary\" \/>\n<meta name=\"twitter:label1\" content=\"Szacowany czas czytania\">\n\t<meta name=\"twitter:data1\" content=\"2 minuty\">\n<script type=\"application\/ld+json\" class=\"yoast-schema-graph\">{\"@context\":\"https:\/\/schema.org\",\"@graph\":[{\"@type\":\"WebSite\",\"@id\":\"https:\/\/krolczasu.pl\/blog\/#website\",\"url\":\"https:\/\/krolczasu.pl\/blog\/\",\"name\":\"Planowanie \\u017cycia i zarz\\u0105dzanie czasem\",\"description\":\"Metody planowania i organizacji czasu.\",\"potentialAction\":[{\"@type\":\"SearchAction\",\"target\":\"https:\/\/krolczasu.pl\/blog\/?s={search_term_string}\",\"query-input\":\"required name=search_term_string\"}],\"inLanguage\":\"pl-PL\"},{\"@type\":\"WebPage\",\"@id\":\"https:\/\/krolczasu.pl\/blog\/polityka-prywatnosci\/#webpage\",\"url\":\"https:\/\/krolczasu.pl\/blog\/polityka-prywatnosci\/\",\"name\":\"Polityka prywatno\\u015bci - krolczasu.pl\/blog\",\"isPartOf\":{\"@id\":\"https:\/\/krolczasu.pl\/blog\/#website\"},\"datePublished\":\"2018-05-21T15:49:12+00:00\",\"dateModified\":\"2018-05-21T15:49:12+00:00\",\"breadcrumb\":{\"@id\":\"https:\/\/krolczasu.pl\/blog\/polityka-prywatnosci\/#breadcrumb\"},\"inLanguage\":\"pl-PL\",\"potentialAction\":[{\"@type\":\"ReadAction\",\"target\":[\"https:\/\/krolczasu.pl\/blog\/polityka-prywatnosci\/\"]}]},{\"@type\":\"BreadcrumbList\",\"@id\":\"https:\/\/krolczasu.pl\/blog\/polityka-prywatnosci\/#breadcrumb\",\"itemListElement\":[{\"@type\":\"ListItem\",\"position\":1,\"item\":{\"@type\":\"WebPage\",\"@id\":\"https:\/\/krolczasu.pl\/blog\/\",\"url\":\"https:\/\/krolczasu.pl\/blog\/\",\"name\":\"Strona g\\u0142\\u00f3wna\"}},{\"@type\":\"ListItem\",\"position\":2,\"item\":{\"@type\":\"WebPage\",\"@id\":\"https:\/\/krolczasu.pl\/blog\/polityka-prywatnosci\/\",\"url\":\"https:\/\/krolczasu.pl\/blog\/polityka-prywatnosci\/\",\"name\":\"Polityka prywatno\\u015bci\"}}]}]}<\/script>\n<!-- \/ Yoast SEO plugin. -->","_links":{"self":[{"href":"https:\/\/krolczasu.pl\/blog\/wp-json\/wp\/v2\/pages\/679"}],"collection":[{"href":"https:\/\/krolczasu.pl\/blog\/wp-json\/wp\/v2\/pages"}],"about":[{"href":"https:\/\/krolczasu.pl\/blog\/wp-json\/wp\/v2\/types\/page"}],"author":[{"embeddable":true,"href":"https:\/\/krolczasu.pl\/blog\/wp-json\/wp\/v2\/users\/1"}],"replies":[{"embeddable":true,"href":"https:\/\/krolczasu.pl\/blog\/wp-json\/wp\/v2\/comments?post=679"}],"version-history":[{"count":1,"href":"https:\/\/krolczasu.pl\/blog\/wp-json\/wp\/v2\/pages\/679\/revisions"}],"predecessor-version":[{"id":680,"href":"https:\/\/krolczasu.pl\/blog\/wp-json\/wp\/v2\/pages\/679\/revisions\/680"}],"wp:attachment":[{"href":"https:\/\/krolczasu.pl\/blog\/wp-json\/wp\/v2\/media?parent=679"}],"curies":[{"name":"wp","href":"https:\/\/api.w.org\/{rel}","templated":true}]}}